{"id":316,"date":"2018-02-02T14:43:02","date_gmt":"2018-02-02T13:43:02","guid":{"rendered":"http:\/\/f-ink.fr\/?page_id=316"},"modified":"2019-04-12T18:37:40","modified_gmt":"2019-04-12T16:37:40","slug":"quel-difference-entre-la-compatible-et-loriginale","status":"publish","type":"page","link":"https:\/\/www.fk2j.fr\/index.php\/quel-difference-entre-la-compatible-et-loriginale\/","title":{"rendered":"Quel diff\u00e9rence entre la compatible et l&rsquo;originale"},"content":{"rendered":"<div class=\"wpb_text_column wpb_content_element \">\n<div class=\"wpb_wrapper\">\n<p>Au moment de s\u2019approvisionner en cartouches pour sa\u00a0machine \u00e0 affranchir, on peut \u00eatre surpris par la diff\u00e9rence de prix importante qui existe entre les diff\u00e9rents distributeurs.\u00a0Selon le fournisseur, l\u2019\u00e9cart entre une cartouche du concessionnaire de la machine \u00e0 affranchir et une cartouche compatible peut\u00a0\u00eatre de plus d\u2019une centaine d\u2019euros. Pourquoi ?<\/p>\n<\/div>\n<\/div>\n<div class=\"wpb_text_column wpb_content_element \">\n<div class=\"wpb_wrapper\">\n<h2>Seulement quatre\u00a0marques de machines \u00e0 affranchir\u00a0en France<\/h2>\n<p>En France, La Poste attribue des autorisations \u00e0 un nombre limit\u00e9 d\u2019acteurs pour la vente de machines \u00e0 affranchir. On compte quatre soci\u00e9t\u00e9s :<\/p>\n<p><strong>Pitney Bowes<\/strong>,\u00a0<strong>Neopost<\/strong>,\u00a0<strong>Doc\u2019up<\/strong>\u00a0et\u00a0<strong>Francotyp-Postalia<\/strong>.<\/p>\n<p>Seules ces soci\u00e9t\u00e9s sont en droit de commercialiser et de louer des machines \u00e0 affranchir qui respectent les exigences de La Poste.<\/p>\n<p>Historiquement, ces quatre constructeurs \u00e9taient \u00e9galement les seuls \u00e0 vendre des cartouches d\u2019encre correspondant \u00e0 leurs machines \u00e0 affranchir.<\/p>\n<p>La Poste, dans un souci d\u2019offrir \u00e0 ses clients\u00a0plus de choix et de meilleurs tarifs, a d\u00e9cid\u00e9 en 2012 d\u2019ouvrir le march\u00e9 de la cartouche d\u2019encre.<\/p>\n<p>Au travers d\u2019un cahier des charges techniques \u00e0 respecter, elle permet ainsi \u00e0\u00a0d\u2019autres distributeurs de proposer des cartouches pour les machines \u00e0 affranchir.<\/p>\n<p>L\u2019important est qu\u2019elles r\u00e9pondent aux exigences donn\u00e9es par La Poste et soient ad\u00e9quates avec les machines en question.<\/p>\n<p>Ce nouveau mode de fonctionnement a permis de voir \u00e9merger de nouveaux distributeurs de cartouches d\u2019encre, compatibles avec les machines \u00e0 affranchir des quatre concessionnaires.<\/p>\n<p>Les clients ne sont\u00a0donc plus oblig\u00e9s de s\u2019approvisionner chez leur loueur de machines \u00e0 affranchir et peuvent alors\u00a0acheter chez un autre prestataire des cartouches adapt\u00e9es, dites \u201ccompatibles\u201d.<\/p>\n<\/div>\n<\/div>\n<div class=\"vcex-spacing\"><\/div>\n<div class=\"wpb_text_column wpb_content_element \">\n<div class=\"wpb_wrapper\">\n<h2>Qu\u2019est-ce qu\u2019une cartouche compatible ?<\/h2>\n<p>Une cartouche compatible est une cartouche fabriqu\u00e9e par une entreprise sp\u00e9cialiste dans la conception de cartouches d\u2019encre adapt\u00e9es aux machines \u00e0 affranchir.<\/p>\n<p>Elle respecte les exigences techniques de La Poste et garantit la m\u00eame qualit\u00e9 d\u2019impression que celle des loueurs de machines \u00e0 affranchir.<\/p>\n<p>La principale diff\u00e9rence r\u00e9side souvent dans le prix de vente, bien plus avantageux chez les distributeurs de cartouches compatibles.<\/p>\n<p>On distingue deux types de cartouche compatible : la cartouche g\u00e9n\u00e9rique et la cartouche reconditionn\u00e9e.<\/p>\n<h2>La cartouche g\u00e9n\u00e9rique :<\/h2>\n<p>La cartouche g\u00e9n\u00e9rique est une cartouche qui a \u00e9t\u00e9 fabriqu\u00e9e\u00a0par une soci\u00e9t\u00e9 sp\u00e9cialiste dans la production de cartouches d\u2019encre compatibles, adapt\u00e9es aux machines \u00e0 affranchir existantes (Pitney Bowes, Neopost, Doc\u2019up et Francotyp-Postalia).<\/p>\n<h2>La cartouche reconditionn\u00e9e :<\/h2>\n<p>La cartouche reconditionn\u00e9e, dite aussi \u201cremanufactur\u00e9e\u201d, est une cartouche fabriqu\u00e9e par un loueur de machine \u00e0 affranchir et\u00a0qui a \u00e9t\u00e9 r\u00e9cup\u00e9r\u00e9e apr\u00e8s une premi\u00e8re utilisation. Elle a \u00e9t\u00e9 collect\u00e9e\u00a0selon plusieurs\u00a0crit\u00e8res de s\u00e9lection, d\u00e9mont\u00e9e, nettoy\u00e9e, re-remplie d\u2019encre, remont\u00e9e puis test\u00e9e selon une proc\u00e9dure de v\u00e9rifications qui garantie et certifie son bon fonctionnement.<\/p>\n<\/div>\n<\/div>\n<div class=\"vcex-spacing\"><\/div>\n<div class=\"wpb_text_column wpb_content_element \">\n<div class=\"wpb_wrapper\">\n<h2>Utiliser\u00a0une cartouche compatible : la garantie du constructeur\u00a0est maintenue<\/h2>\n<p>Gr\u00e2ce \u00e0 la d\u00e9marche de La Poste en 2012 et aux lois europ\u00e9ennes sur la protection des consommateurs, les entreprises ont la libert\u00e9 d\u2019acheter les cartouches de leur choix sans que cela n\u2019affecte la garantie de la machine \u00e0 affranchir.<\/p>\n<p>Tout comme un consommateur de caf\u00e9 peut acheter n\u2019importe quelle dosette adapt\u00e9e \u00e0 sa\u00a0machine \u00e0 caf\u00e9 expresso, un utilisateur de machine \u00e0 affranchir peut lui aussi acheter sa cartouche d\u2019encre chez n\u2019importe quel distributeur sp\u00e9cialis\u00e9.<\/p>\n<p>Deux textes de lois europ\u00e9ennes vous prot\u00e8gent sur votre\u00a0choix et contre toute forme abusive dans ce genre de cas :<\/p>\n<ul>\n<li>La\u00a0<a href=\"http:\/\/eur-lex.europa.eu\/legal-content\/FR\/TXT\/HTML\/?uri=CELEX:31993L0013\" target=\"_blank\" rel=\"noopener noreferrer\">directive 93-13 CEE du conseil du 5 avril 1993, concernant les clauses abusives dans les contrats conclus avec les consommateurs<\/a>,<\/li>\n<li>La\u00a0<a href=\"https:\/\/www.legifrance.gouv.fr\/affichTexte.do?cidTexte=JORFTEXT000000187054\" target=\"_blank\" rel=\"noopener noreferrer\">loi 1995\/1966 du 1er f\u00e9vrier 1995, concernant les clauses abusives et la pr\u00e9sentation des contrats et r\u00e9gissant diverses activit\u00e9s d\u2019ordre \u00e9conomique et commercial<\/a>.<\/li>\n<\/ul>\n<p>De ce fait, l\u2019utilisation d\u2019une cartouche compatible ne modifie\u00a0en rien la garantie de votre machine \u00e0 affranchir. Les fabricants de machines \u00e0 affranchir sont contraints, vis-\u00e0-vis de La Poste, de maintenir les machines fonctionnelles, quel que soit le type de cartouche utilis\u00e9e.<\/p>\n<p>Avec l\u2019essor des cartouches compatibles qui peuvent faire \u00e9conomiser aux clients plusieurs centaines d\u2019euros par an, certains loueurs de machines \u00e0 affranchir utilisent d\u2019autres strat\u00e9gies de vente afin de maintenir leurs marges et leur march\u00e9, notamment au travers de contrats de location de machines \u00e0 affranchir qui incluent l\u2019approvisionnement des consommables de la\u00a0marque de machine \u00e0 affranchir. Ce type de contrat oblige alors le client \u00e0 s\u2019approvisionner en\u00a0nouvelles cartouches uniquement chez son\u00a0loueur de machines \u00e0 affranchir, sans lui laisser la libert\u00e9 d\u2019utiliser des cartouches compatibles.<\/p>\n<p>Si vous souhaitez garder une certaine libert\u00e9 dans le choix de vos cartouches d\u2019encre et faire des \u00e9conomies sur l\u2019ann\u00e9e, veillez donc \u00e0 bien consulter les conditions lors d\u2019un renouvellement de contrat de location pour\u00a0votre machine \u00e0 affranchir.<\/p>\n<\/div>\n<\/div>\n<div class=\"vcex-spacing\"><\/div>\n<div class=\"wpb_text_column wpb_content_element \">\n<div class=\"wpb_wrapper\">\n<h2>Pourquoi choisir une\u00a0cartouche compatible ?<\/h2>\n<h3>Vous fa\u00eetes des \u00e9conomies significatives :<\/h3>\n<p>En moyenne, les fabricants de machines \u00e0 affranchir commercialisent leurs cartouches avec une marge sup\u00e9rieure \u00e0 85%. En achetant une cartouche compatible, vous acc\u00e9dez \u00e0 des prix jusqu\u2019\u00e0 <strong>trois fois moins chers<\/strong>\u00a0que chez le fabricant, et cela pour une m\u00eame qualit\u00e9 d\u2019impression.<\/p>\n<p>Vous pouvez facilement voir l\u2019\u00e9cart de prix\u00a0en allant sur le site du fournisseur et en comparant un\u00a0m\u00eame produit avec des distributeurs de cartouches compatibles comme fk2j.fr.<\/p>\n<div class=\"wpb_text_column wpb_content_element \">\n<div class=\"wpb_wrapper\">\n<h3>Votre\u00a0qualit\u00e9 d\u2019impression est\u00a0conforme\u00a0aux exigences de La Poste :<\/h3>\n<p>Les cartouches compatibles\u00a0assurent une bonne qualit\u00e9 d\u2019impression, avec\u00a0les m\u00eames exigences techniques que celles donn\u00e9es aux fabricants de machines \u00e0 affranchir. Pour v\u00e9rifier leur performance, les\u00a0cartouches compatibles\u00a0sont\u00a0test\u00e9es individuellement.<\/p>\n<h3>Vous r\u00e9duisez l\u2019impact sur l\u2019environnement\u00a0:<\/h3>\n<p>Dans le cas de la production de cartouches reconditionn\u00e9es, le recyclage des cartouches d\u2019encre permet de r\u00e9duire les d\u00e9chets polluants et de pr\u00e9server nos ressources naturelles. Vous participez\u00a0ainsi \u00e0 une d\u00e9marche \u00e9cologique et citoyenne.<\/p>\n<\/div>\n<\/div>\n<div class=\"vcex-spacing\"><\/div>\n<div class=\"wpb_text_column wpb_content_element \">\n<div class=\"wpb_wrapper\">\n<h2>Nos\u00a0cartouches d\u2019encre compatibles\u00a0sur fk2j.fr :<\/h2>\n<p>Fk2j.fr vous propose toute une gamme de cartouches d\u2019encre compatibles, d\u00e9di\u00e9es aux machines \u00e0 affranchir <strong>Pitney Bowes<\/strong>,\u00a0<strong>Neopost<\/strong>,\u00a0<strong>Doc\u2019up<\/strong>\u00a0et\u00a0<strong>Francotyp-Postalia<\/strong>.<\/p>\n<p>Ces cartouches vous permettent d\u2019acc\u00e9der \u00e0 une v\u00e9ritable alternative aux produits propos\u00e9s par d\u00e9faut par votre loueur de machines, et avec la meilleure offre de service. Garanties 2 ans, elles b\u00e9n\u00e9ficient d\u2019une qualit\u00e9 d\u2019impression en accord avec les normes postales en vigueur.<\/p>\n<\/div>\n<\/div>\n<\/div>\n<\/div>\n","protected":false},"excerpt":{"rendered":"<p>Au moment de s\u2019approvisionner en cartouches pour sa\u00a0machine \u00e0 affranchir, on peut \u00eatre surpris par la diff\u00e9rence de prix importante qui existe entre les diff\u00e9rents distributeurs.\u00a0Selon le fournisseur, l\u2019\u00e9cart entre une cartouche du concessionnaire de la machine \u00e0 affranchir et une cartouche compatible peut\u00a0\u00eatre de plus d\u2019une centaine d\u2019euros. Pourquoi ? Seulement quatre\u00a0marques de machines&hellip; <br \/> <a class=\"read-more\" href=\"https:\/\/www.fk2j.fr\/index.php\/quel-difference-entre-la-compatible-et-loriginale\/\">Lire la suite<\/a><\/p>\n","protected":false},"author":1,"featured_media":0,"parent":0,"menu_order":0,"comment_status":"closed","ping_status":"closed","template":"","meta":[],"_links":{"self":[{"href":"https:\/\/www.fk2j.fr\/index.php\/wp-json\/wp\/v2\/pages\/316"}],"collection":[{"href":"https:\/\/www.fk2j.fr\/index.php\/wp-json\/wp\/v2\/pages"}],"about":[{"href":"https:\/\/www.fk2j.fr\/index.php\/wp-json\/wp\/v2\/types\/page"}],"author":[{"embeddable":true,"href":"https:\/\/www.fk2j.fr\/index.php\/wp-json\/wp\/v2\/users\/1"}],"replies":[{"embeddable":true,"href":"https:\/\/www.fk2j.fr\/index.php\/wp-json\/wp\/v2\/comments?post=316"}],"version-history":[{"count":0,"href":"https:\/\/www.fk2j.fr\/index.php\/wp-json\/wp\/v2\/pages\/316\/revisions"}],"wp:attachment":[{"href":"https:\/\/www.fk2j.fr\/index.php\/wp-json\/wp\/v2\/media?parent=316"}],"curies":[{"name":"wp","href":"https:\/\/api.w.org\/{rel}","templated":true}]}}