{"id":388,"date":"2019-02-19T17:56:12","date_gmt":"2019-02-19T16:56:12","guid":{"rendered":"http:\/\/www.fk2j.fr\/?page_id=388"},"modified":"2024-03-18T17:09:15","modified_gmt":"2024-03-18T16:09:15","slug":"mention-legale","status":"publish","type":"page","link":"https:\/\/www.fk2j.fr\/index.php\/mention-legale\/","title":{"rendered":"Mention L\u00e9gale"},"content":{"rendered":"<h1 class=\"page-heading\">POLITIQUE DE CONFIDENTIALIT\u00c9<\/h1>\n<div>\n<p>FK2J Burautique s\u2019engage \u00e0 respecter la confidentialit\u00e9 de ses clients et utilisateurs. La pr\u00e9sente politique de confidentialit\u00e9 d\u00e9crit le mode de fonctionnement de notre site internet, nos services et produits ainsi que la mani\u00e8re dont nous collections et utilisons les informations.<\/p>\n<p>\u00ab\u00a0Les informations personnelles sont les informations qui permettent, sous quelque forme que ce soit, directement ou non, l\u2019identification des personnes physiques auxquelles elles s\u2019appliquent\u00a0\u00bb (Article 4 de la loi n\u00b078-17 du 6 janvier 1978).<\/p>\n<p>En s\u2019inscrivant \u00e0 notre Newsletter ou en remplissant un formulaire de contact sur notre site internet\u00a0:\u00a0<a href=\"https:\/\/www.fk2j.fr\">https:\/\/www.fk2j.fr<\/a>\u00a0, vous convenez et acceptez que FK2J Bureautique puisse recueillir, traiter, stocker et\/ou utiliser les donn\u00e9es personnelles soumises en conformit\u00e9 avec les r\u00e8gles expos\u00e9es ci-apr\u00e8s.<\/p>\n<p>En nous donnant votre consentement, vous conservez \u00e9galement le droit de rectification, le droit \u00e0 l\u2019oubli et\/ou le droit \u00e0 la suppression de vos donn\u00e9es personnelles.<\/p>\n<ol>\n<li><strong>Pr\u00e9sentation du site internet<\/strong><\/li>\n<\/ol>\n<p>En vertu de l\u2019article 6 de la loi n\u00b02004-575 du 21 Juin 2004 pour la confiance dans l\u2019\u00e9conomie num\u00e9rique, il est pr\u00e9cis\u00e9 aux utilisateurs du site internet\u00a0<a href=\"https:\/\/www.fk2j.fr\/\">https:\/\/www.fk2j.fr<\/a> l\u2019identit\u00e9 des diff\u00e9rents intervenants dans le cadre de sa r\u00e9alisation et de son suivi.<\/p>\n<p>Propri\u00e9taire : SAS FK2J Bureautique, Capital social 4 000 \u20ac &#8211; 59 Avenue de l&rsquo;Europe &#8211; 95330 &#8211; Domont.<\/p>\n<p>Responsable de la publication\u00a0: Meimoun Fiona (Le responsable de la publication peut-\u00eatre une personne physique ou morale).<\/p>\n<p>H\u00e9bergeur\u00a0: OVH \u2013 2 Rue Kellermann 59100 Roubaix 1007<\/p>\n<p>D\u00e9l\u00e9gu\u00e9e \u00e0 la protection des donn\u00e9es : Meimoun Fiona \u2013 info-fr@fk2j.fr<\/p>\n<ol start=\"2\">\n<li><strong>Gestion des donn\u00e9es personnelles<\/strong><\/li>\n<\/ol>\n<p>Conform\u00e9ment \u00e0 la loi du 21 juin 2014 pour la confiance dans l\u2019\u00c9conomie Num\u00e9rique, la loi Informatique et Libert\u00e9 du 06 Ao\u00fbt 2004 ainsi que le R\u00e8glement G\u00e9n\u00e9ral sur la Protection des Donn\u00e9es (RGPD\u00a0: n\u00b02016-679), le client est inform\u00e9 des r\u00e8glementations concernant la communication marketing.<\/p>\n<p>2.1\u00a0\u00a0\u00a0\u00a0\u00a0 Identit\u00e9 et coordonn\u00e9s du responsable de traitement des donn\u00e9es.<\/p>\n<p>Les donn\u00e9es personnelles collect\u00e9es lors de la navigation sur le site internet\u00a0<a href=\"https:\/\/www.fk2j.fr\">www.fk2j.fr<\/a> sont trait\u00e9es par la soci\u00e9t\u00e9 FK2J Bureautique, son repr\u00e9sentant l\u00e9gal.<\/p>\n<p>En tant que responsable du traitement des donn\u00e9es qu\u2019elle collecte, la soci\u00e9t\u00e9 Fk2J Bureautique s\u2019engage \u00e0 respecter le cadre des dispositions l\u00e9gales en vigueur et notamment d\u2019\u00e9tablir les finalit\u00e9s de ses traitements de donn\u00e9es.<\/p>\n<p>Conform\u00e9ment \u00e0 la loi Informatique et Libert\u00e9s et le R\u00e8glement G\u00e9n\u00e9ral sur la Protection des Donn\u00e9es personnelles le client ou prospect dispose des droits d\u2019acc\u00e8s, de rectification et de suppression des donn\u00e9es personnelles le concernant. Si vous souhaitez r\u00e9viser l\u2019utilisation de vos donn\u00e9es vous pouvez nous contacter \u00e0 <a href=\"mailto:info@fk2j.fr\">info@fk2j.fr<\/a> ou par courrier \u00e0 l\u2019adresse suivante : FK2J Bureautique &#8211; 59 Avenue de l&rsquo;Europe &#8211; 95330 &#8211; Domont.<\/p>\n<p>2.2\u00a0\u00a0\u00a0\u00a0 Donn\u00e9es collect\u00e9es par FK2J Bureautique<\/p>\n<p>La visite de notre site internet ne requiert pas le renseignement d\u2019informations personnelles. Cependant, si vous remplissez un formulaire nous recueillons certaines de vos donn\u00e9es personnelles et collectons les informations de navigation.<\/p>\n<p>Les informations collect\u00e9es sont\u00a0:<\/p>\n<p>&#8211;\u00a0\u00a0\u00a0\u00a0\u00a0\u00a0\u00a0\u00a0\u00a0 Vos coordonn\u00e9es\u00a0: Nom, adresse mail, nom de l\u2019entreprise, adresse postale, num\u00e9ro de t\u00e9l\u00e9phone\u2026<\/p>\n<p>&#8211;\u00a0\u00a0\u00a0\u00a0\u00a0\u00a0\u00a0\u00a0\u00a0 Les informations de navigation\u00a0: les pages que vous avez consult\u00e9es et par quel moyen vous y \u00eates parvenus.<\/p>\n<p>2.3\u00a0\u00a0\u00a0\u00a0 Finalit\u00e9s de ces donn\u00e9es<\/p>\n<p>L\u2019objectif principal de la collecte de ces donn\u00e9es est de r\u00e9pondre au mieux \u00e0 vos besoins et de vous offrir une exp\u00e9rience optimale sur notre site\u00a0:\u00a0www.fk2j.fr<\/p>\n<p>A ces fins, vous acceptez que nous puissions utiliser vos donn\u00e9es personnelles pour\u00a0:<\/p>\n<p>&#8211;\u00a0\u00a0\u00a0\u00a0\u00a0\u00a0\u00a0\u00a0\u00a0 Entretenir la relation commerciale (envoi de pi\u00e8ces de ventes, livraison de marchandises\u2026)<\/p>\n<p>&#8211;\u00a0\u00a0\u00a0\u00a0\u00a0\u00a0\u00a0\u00a0\u00a0 Am\u00e9liorer la navigation sur le site internet et les services li\u00e9s.<\/p>\n<p>&#8211;\u00a0\u00a0\u00a0\u00a0\u00a0\u00a0\u00a0\u00a0\u00a0 Vous faire parvenir des offres promotionnelles correspondant \u00e0 vos int\u00e9r\u00eats et habitudes de consommation.<\/p>\n<p>&#8211;\u00a0\u00a0\u00a0\u00a0\u00a0\u00a0\u00a0\u00a0\u00a0 Vous envoyez des informations en cas de modification de notre politique de confidentialit\u00e9 ou tout autre accord l\u00e9gal.<\/p>\n<p>FK2J Bureautique ne commercialise pas vos donn\u00e9es personnelles, elles sont uniquement utilis\u00e9es par n\u00e9cessit\u00e9 ou \u00e0 des fins statistiques.<\/p>\n<p>2.4\u00a0\u00a0\u00a0\u00a0 S\u00e9curit\u00e9 des donn\u00e9es<\/p>\n<p>Pour assurer la s\u00e9curit\u00e9 et la confidentialit\u00e9 des donn\u00e9es personnelles, FK2J Bureautique utilise les r\u00e9seaux prot\u00e9g\u00e9s. Ces donn\u00e9es sont crypt\u00e9es et conserv\u00e9es sur un environnement s\u00e9curis\u00e9. Toutes les informations recueillies sont enregistr\u00e9es sur un fichier h\u00e9berg\u00e9 par OVH pour fk2j.fr. La transmission de vos donn\u00e9es, \u00e0 notre si\u00e8ge informatique est faite de fa\u00e7on s\u00e9curis\u00e9e (Https).<\/p>\n<p>2.5\u00a0\u00a0\u00a0\u00a0 Conservation des donn\u00e9es<\/p>\n<p>Vos donn\u00e9es personnelles sont conserv\u00e9es durant la relation commerciale et jusqu\u2019\u00e0 36 mois apr\u00e8s le dernier contact commercial. Si vous souhaitez modifier ou supprimer ces donn\u00e9es, vous en avez le droit avant l\u2019\u00e9ch\u00e9ance de ces 36 mois.<\/p>\n<ol start=\"3\">\n<li><strong>Cookies<\/strong><\/li>\n<\/ol>\n<p>Les cookies sont des fichiers enregistr\u00e9s sur le terminal de l\u2019utilisateur lors de la navigation sur internet. Un cookie ne sert pas \u00e0 recueillir des donn\u00e9es personnelles mais \u00e0 enregistrer des informations relatives \u00e0 votre navigation sur le site. Si vous choisissez de refuser l\u2019ensemble des cookies, votre navigation pourra \u00eatre r\u00e9duite pour acc\u00e9der \u00e0 certaines pages du site. FK2J Bureautique utilise ces cookies afin d\u2019am\u00e9liorer et de personnaliser le site et d\u2019en mesurer l\u2019audience. Par d\u00e9faut les cookies ne sont pas directement install\u00e9s, votre autorisation est demand\u00e9e \u00e0 chaque connexion sur notre site. Suite \u00e0 l\u2019acceptation des cookies de navigation, votre consentement est conserv\u00e9 pendant une p\u00e9riode de 13 mois.<\/p>\n<\/div>\n<h3><\/h3>\n<h3><strong>Cr\u00e9dits<\/strong><\/h3>\n<div>Propri\u00e9taire : FK2J Bureautique &#8211; 59 Avenue de l&rsquo;Europe &#8211; 95330 &#8211; Domont<\/div>\n<div>SAS au capital de 4000 \u20ac<\/div>\n<div>RCS de Pontoise : 848 165 759<\/div>\n<div>H\u00e9bergeur : OVH, 2 rue Kellermann &#8211; 59100 Roubaix &#8211; France.<\/div>\n<div>Conception et production\u00a0: FK2J Bureautique<\/div>\n<div>Ce site en ligne a \u00e9t\u00e9 cr\u00e9\u00e9e \u00e0 l&rsquo;aide du logiciel <a href=\"https:\/\/fr.wordpress.com\/\">WordPress<\/a> et\u00a0<a href=\"https:\/\/www.woocommerce.com\/\"><span style=\"background-color: transparent;\">WooCommerce<\/span><\/a><span style=\"background-color: transparent;\">\u00a0<\/span><span style=\"background-color: transparent;\">et du th\u00e8me\u00a0<\/span><a class=\"mesmerize-theme-link\" style=\"background-color: transparent;\" href=\"https:\/\/extendthemes.com\/go\/built-with-mesmerize\/\" target=\"_blank\" rel=\"noopener\">Mesmerize<\/a><\/div>\n","protected":false},"excerpt":{"rendered":"<p>POLITIQUE DE CONFIDENTIALIT\u00c9 FK2J Burautique s\u2019engage \u00e0 respecter la confidentialit\u00e9 de ses clients et utilisateurs. La pr\u00e9sente politique de confidentialit\u00e9 d\u00e9crit le mode de fonctionnement de notre site internet, nos services et produits ainsi que la mani\u00e8re dont nous collections et utilisons les informations. \u00ab\u00a0Les informations personnelles sont les informations qui permettent, sous quelque forme&hellip; <br \/> <a class=\"read-more\" href=\"https:\/\/www.fk2j.fr\/index.php\/mention-legale\/\">Lire la suite<\/a><\/p>\n","protected":false},"author":1,"featured_media":0,"parent":0,"menu_order":0,"comment_status":"closed","ping_status":"closed","template":"","meta":[],"_links":{"self":[{"href":"https:\/\/www.fk2j.fr\/index.php\/wp-json\/wp\/v2\/pages\/388"}],"collection":[{"href":"https:\/\/www.fk2j.fr\/index.php\/wp-json\/wp\/v2\/pages"}],"about":[{"href":"https:\/\/www.fk2j.fr\/index.php\/wp-json\/wp\/v2\/types\/page"}],"author":[{"embeddable":true,"href":"https:\/\/www.fk2j.fr\/index.php\/wp-json\/wp\/v2\/users\/1"}],"replies":[{"embeddable":true,"href":"https:\/\/www.fk2j.fr\/index.php\/wp-json\/wp\/v2\/comments?post=388"}],"version-history":[{"count":1,"href":"https:\/\/www.fk2j.fr\/index.php\/wp-json\/wp\/v2\/pages\/388\/revisions"}],"predecessor-version":[{"id":476,"href":"https:\/\/www.fk2j.fr\/index.php\/wp-json\/wp\/v2\/pages\/388\/revisions\/476"}],"wp:attachment":[{"href":"https:\/\/www.fk2j.fr\/index.php\/wp-json\/wp\/v2\/media?parent=388"}],"curies":[{"name":"wp","href":"https:\/\/api.w.org\/{rel}","templated":true}]}}